{"id":1391,"date":"2023-10-13T02:09:08","date_gmt":"2023-10-13T02:09:08","guid":{"rendered":"https:\/\/astronomia.bedigital.cl\/?page_id=1391"},"modified":"2025-06-18T14:11:50","modified_gmt":"2025-06-18T14:11:50","slug":"education","status":"publish","type":"page","link":"https:\/\/astronomia.udp.cl\/en\/outreach\/education\/","title":{"rendered":"Teaching"},"content":{"rendered":"\t\t<div data-elementor-type=\"wp-page\" data-elementor-id=\"1391\" class=\"elementor elementor-1391\" data-elementor-settings=\"{&quot;ha_cmc_init_switcher&quot;:&quot;no&quot;}\">\n\t\t\t\t\t\t<section class=\"elementor-section elementor-top-section elementor-element elementor-element-fcad94f elementor-section-height-min-height elementor-section-boxed elementor-section-height-default elementor-section-items-middle\" data-id=\"fcad94f\" data-element_type=\"section\" data-settings=\"{&quot;background_background&quot;:&quot;classic&quot;,&quot;_ha_eqh_enable&quot;:false}\">\n\t\t\t\t\t\t\t<div class=\"elementor-background-overlay\"><\/div>\n\t\t\t\t\t\t\t<div class=\"elementor-container elementor-column-gap-no\">\n\t\t\t\t\t<div class=\"elementor-column elementor-col-100 elementor-top-column elementor-element elementor-element-02cc655\" data-id=\"02cc655\" data-element_type=\"column\">\n\t\t\t<div class=\"elementor-widget-wrap elementor-element-populated\">\n\t\t\t\t\t\t<div class=\"elementor-element elementor-element-810d62f elementor-widget elementor-widget-heading\" data-id=\"810d62f\" data-element_type=\"widget\" data-widget_type=\"heading.default\">\n\t\t\t\t<div class=\"elementor-widget-container\">\n\t\t\t<style>\/*! elementor - v3.20.0 - 13-03-2024 *\/\n.elementor-heading-title{padding:0;margin:0;line-height:1}.elementor-widget-heading .elementor-heading-title[class*=elementor-size-]>a{color:inherit;font-size:inherit;line-height:inherit}.elementor-widget-heading .elementor-heading-title.elementor-size-small{font-size:15px}.elementor-widget-heading .elementor-heading-title.elementor-size-medium{font-size:19px}.elementor-widget-heading .elementor-heading-title.elementor-size-large{font-size:29px}.elementor-widget-heading .elementor-heading-title.elementor-size-xl{font-size:39px}.elementor-widget-heading .elementor-heading-title.elementor-size-xxl{font-size:59px}<\/style><h1 class=\"elementor-heading-title elementor-size-default\">Education<\/h1>\t\t<\/div>\n\t\t\t\t<\/div>\n\t\t\t\t<div class=\"elementor-element elementor-element-3f59f92 elementor-widget elementor-widget-text-editor\" data-id=\"3f59f92\" data-element_type=\"widget\" data-widget_type=\"text-editor.default\">\n\t\t\t\t<div class=\"elementor-widget-container\">\n\t\t\t<style>\/*! elementor - v3.20.0 - 13-03-2024 *\/\n.elementor-widget-text-editor.elementor-drop-cap-view-stacked .elementor-drop-cap{background-color:#69727d;color:#fff}.elementor-widget-text-editor.elementor-drop-cap-view-framed .elementor-drop-cap{color:#69727d;border:3px solid;background-color:transparent}.elementor-widget-text-editor:not(.elementor-drop-cap-view-default) .elementor-drop-cap{margin-top:8px}.elementor-widget-text-editor:not(.elementor-drop-cap-view-default) .elementor-drop-cap-letter{width:1em;height:1em}.elementor-widget-text-editor .elementor-drop-cap{float:left;text-align:center;line-height:1;font-size:50px}.elementor-widget-text-editor .elementor-drop-cap-letter{display:inline-block}<\/style>\t\t\t\t<p><a style=\"color: #af5cee;\" href=\"\/\">Home<\/a> &gt; <a href=\"\/outreach\">Outreach<\/a> &gt; Education<\/p>\t\t\t\t\t\t<\/div>\n\t\t\t\t<\/div>\n\t\t\t\t\t<\/div>\n\t\t<\/div>\n\t\t\t\t\t<\/div>\n\t\t<\/section>\n\t\t\t\t<section class=\"elementor-section elementor-top-section elementor-element elementor-element-2b0265f elementor-section-boxed elementor-section-height-default elementor-section-height-default\" data-id=\"2b0265f\" data-element_type=\"section\" data-settings=\"{&quot;_ha_eqh_enable&quot;:false}\">\n\t\t\t\t\t\t<div class=\"elementor-container elementor-column-gap-no\">\n\t\t\t\t\t<div class=\"elementor-column elementor-col-100 elementor-top-column elementor-element elementor-element-21cf386\" data-id=\"21cf386\" data-element_type=\"column\">\n\t\t\t<div class=\"elementor-widget-wrap elementor-element-populated\">\n\t\t\t\t\t\t<div class=\"elementor-element elementor-element-2b9865a elementor-widget-mobile__width-inherit elementor-widget elementor-widget-text-editor\" data-id=\"2b9865a\" data-element_type=\"widget\" data-widget_type=\"text-editor.default\">\n\t\t\t\t<div class=\"elementor-widget-container\">\n\t\t\t\t\t\t\tEducation\t\t\t\t\t\t<\/div>\n\t\t\t\t<\/div>\n\t\t\t\t<div class=\"elementor-element elementor-element-fc3c5f3 premium-blog-align-left elementor-widget elementor-widget-premium-addon-blog\" data-id=\"fc3c5f3\" data-element_type=\"widget\" data-settings=\"{&quot;premium_blog_columns_number&quot;:&quot;33.33%&quot;,&quot;premium_blog_grid&quot;:&quot;yes&quot;,&quot;premium_blog_layout&quot;:&quot;even&quot;,&quot;premium_blog_columns_number_tablet&quot;:&quot;50%&quot;,&quot;premium_blog_columns_number_mobile&quot;:&quot;100%&quot;,&quot;scroll_to_offset&quot;:&quot;yes&quot;}\" data-widget_type=\"premium-addon-blog.default\">\n\t\t\t\t<div class=\"elementor-widget-container\">\n\t\t\t\n\t\t\t\t<div class=\"premium-blog-wrap  premium-blog-even\" data-page=\"1391\">\n\t\t\t\t\t<div class=\"premium-blog-post-outer-container\" data-total=\"1\">\r\n\t\t\t<div class=\"premium-blog-post-container premium-blog-skin-classic\">\r\n\t\t\t\t\t\t\t\t\t<div class=\"premium-blog-thumb-effect-wrapper\">\r\n\t\t\t\t\t\t<div class=\"premium-blog-thumbnail-container premium-blog-zoomin-effect\">\r\n\t\t\t\t\t\t\t<img decoding=\"async\" width=\"2560\" height=\"1920\" src=\"https:\/\/astronomia.udp.cl\/wp-content\/uploads\/2025\/12\/IMG_0042-scaled.jpg\" class=\"attachment-full size-full wp-image-8449\" alt=\"\" srcset=\"https:\/\/astronomia.udp.cl\/wp-content\/uploads\/2025\/12\/IMG_0042-scaled.jpg 2560w, https:\/\/astronomia.udp.cl\/wp-content\/uploads\/2025\/12\/IMG_0042-300x225.jpg 300w, https:\/\/astronomia.udp.cl\/wp-content\/uploads\/2025\/12\/IMG_0042-1024x768.jpg 1024w, https:\/\/astronomia.udp.cl\/wp-content\/uploads\/2025\/12\/IMG_0042-768x576.jpg 768w, https:\/\/astronomia.udp.cl\/wp-content\/uploads\/2025\/12\/IMG_0042-1536x1152.jpg 1536w, https:\/\/astronomia.udp.cl\/wp-content\/uploads\/2025\/12\/IMG_0042-2048x1536.jpg 2048w, https:\/\/astronomia.udp.cl\/wp-content\/uploads\/2025\/12\/IMG_0042-16x12.jpg 16w\" sizes=\"(max-width: 2560px) 100vw, 2560px\" \/>\t\t\t\t\t\t<\/div>\r\n\t\t\t\t\t\t\t\t\t\t\t\t\t<div class=\"premium-blog-thumbnail-overlay\">\r\n\t\t\t\t\t\t\t\t<a class=\"elementor-icon\" href=\"https:\/\/astronomia.udp.cl\/en\/fases-lunares\/\" target=\"_self\"><\/a>\r\n\t\t\t\t\t\t\t<\/div>\r\n\r\n\t\t\t\t\t\t\t\t\t\t\t\t\t\t\t\t\t\t<\/div>\r\n\t\t\t\t\t\t\t\t\t\t\t\t<div class=\"premium-blog-content-wrapper \">\r\n\r\n\t\t\t\t\t<div class=\"premium-blog-inner-container\">\r\n\r\n\t\t\t\t\t\t\t\t\t\t\t\t\t\t<h2 class=\"premium-blog-entry-title\">\r\n\t\t\t<a href=\"https:\/\/astronomia.udp.cl\/en\/fases-lunares\/\" target=\"_self\">\r\n\t\t\t\tTaller Inclusivo Fases Lunares\t\t\t<\/a>\r\n\t\t<\/h2>\r\n\t\t\t\t<div class=\"premium-blog-entry-meta\">\r\n\t\t\t\r\n\t\t\t\t\t\t\t<span class=\"premium-blog-meta-separator\">\u2022<\/span>\r\n\t\t\t\t<div class=\"premium-blog-post-time premium-blog-meta-data\">\r\n\t\t\t\t\t<i class=\"fa fa-calendar-alt\" aria-hidden=\"true\"><\/i>\r\n\t\t\t\t\t<span>December 16, 2025<\/span>\r\n\t\t\t\t<\/div>\r\n\t\t\t\r\n\t\t\t\r\n\t\t\t\t\t<\/div>\r\n\t\t\r\n\t\t\t\t\t<\/div>\r\n\r\n\t\t\t\t\t\t\t<div class=\"premium-blog-content-inner-wrapper\">\r\n\t\t<p class=\"premium-blog-post-content\">\u00bfC\u00f3mo explicar qu\u00e9 son y c\u00f3mo se producen las Fases Lunares a alguien que no puede ver?. En la construcci\u00f3n del modelo \u2026<\/p>\t\t<\/div>\r\n\t\t\t\t\t\t\t\r\n\t\t\t\t<\/div>\r\n\t\t\t<\/div>\r\n\t\t<\/div>\r\n\r\n\t\t\t\t<div class=\"premium-blog-post-outer-container\" data-total=\"1\">\r\n\t\t\t<div class=\"premium-blog-post-container premium-blog-skin-classic\">\r\n\t\t\t\t\t\t\t\t\t<div class=\"premium-blog-thumb-effect-wrapper\">\r\n\t\t\t\t\t\t<div class=\"premium-blog-thumbnail-container premium-blog-zoomin-effect\">\r\n\t\t\t\t\t\t\t<img loading=\"lazy\" decoding=\"async\" width=\"478\" height=\"360\" src=\"https:\/\/astronomia.udp.cl\/wp-content\/uploads\/2025\/01\/su201829.png\" class=\"attachment-full size-full wp-image-5631\" alt=\"\" srcset=\"https:\/\/astronomia.udp.cl\/wp-content\/uploads\/2025\/01\/su201829.png 478w, https:\/\/astronomia.udp.cl\/wp-content\/uploads\/2025\/01\/su201829-300x226.png 300w, https:\/\/astronomia.udp.cl\/wp-content\/uploads\/2025\/01\/su201829-16x12.png 16w\" sizes=\"(max-width: 478px) 100vw, 478px\" \/>\t\t\t\t\t\t<\/div>\r\n\t\t\t\t\t\t\t\t\t\t\t\t\t<div class=\"premium-blog-thumbnail-overlay\">\r\n\t\t\t\t\t\t\t\t<a class=\"elementor-icon\" href=\"https:\/\/astronomia.udp.cl\/en\/postdoctoral-fellowship-for-studying-galaxy-evolution-at-cosmic-noon\/\" target=\"_self\"><\/a>\r\n\t\t\t\t\t\t\t<\/div>\r\n\r\n\t\t\t\t\t\t\t\t\t\t\t\t\t\t\t\t\t\t<\/div>\r\n\t\t\t\t\t\t\t\t\t\t\t\t<div class=\"premium-blog-content-wrapper \">\r\n\r\n\t\t\t\t\t<div class=\"premium-blog-inner-container\">\r\n\r\n\t\t\t\t\t\t\t\t\t\t\t\t\t\t<h2 class=\"premium-blog-entry-title\">\r\n\t\t\t<a href=\"https:\/\/astronomia.udp.cl\/en\/postdoctoral-fellowship-for-studying-galaxy-evolution-at-cosmic-noon\/\" target=\"_self\">\r\n\t\t\t\tPostdoctoral fellowship for studying galaxy evolution at cosmic noon\t\t\t<\/a>\r\n\t\t<\/h2>\r\n\t\t\t\t<div class=\"premium-blog-entry-meta\">\r\n\t\t\t\r\n\t\t\t\t\t\t\t<span class=\"premium-blog-meta-separator\">\u2022<\/span>\r\n\t\t\t\t<div class=\"premium-blog-post-time premium-blog-meta-data\">\r\n\t\t\t\t\t<i class=\"fa fa-calendar-alt\" aria-hidden=\"true\"><\/i>\r\n\t\t\t\t\t<span>January 7, 2025<\/span>\r\n\t\t\t\t<\/div>\r\n\t\t\t\r\n\t\t\t\r\n\t\t\t\t\t<\/div>\r\n\t\t\r\n\t\t\t\t\t<\/div>\r\n\r\n\t\t\t\t\t\t\t<div class=\"premium-blog-content-inner-wrapper\">\r\n\t\t<p class=\"premium-blog-post-content\">The Instituto de Estudios Astrof\u00edsicos (IEA) at Universidad Diego Portales (UDP) invites applications for a postdoctoral research fellowship to study the assembly \u2026<\/p>\t\t<\/div>\r\n\t\t\t\t\t\t\t\r\n\t\t\t\t<\/div>\r\n\t\t\t<\/div>\r\n\t\t<\/div>\r\n\r\n\t\t\t\t<div class=\"premium-blog-post-outer-container\" data-total=\"1\">\r\n\t\t\t<div class=\"premium-blog-post-container premium-blog-skin-classic\">\r\n\t\t\t\t\t\t\t\t\t<div class=\"premium-blog-thumb-effect-wrapper\">\r\n\t\t\t\t\t\t<div class=\"premium-blog-thumbnail-container premium-blog-zoomin-effect\">\r\n\t\t\t\t\t\t\t<img loading=\"lazy\" decoding=\"async\" width=\"2560\" height=\"867\" src=\"https:\/\/astronomia.udp.cl\/wp-content\/uploads\/2025\/01\/image_12221e-Messier-51-scaled.jpg\" class=\"attachment-full size-full wp-image-5626\" alt=\"\" srcset=\"https:\/\/astronomia.udp.cl\/wp-content\/uploads\/2025\/01\/image_12221e-Messier-51-scaled.jpg 2560w, https:\/\/astronomia.udp.cl\/wp-content\/uploads\/2025\/01\/image_12221e-Messier-51-300x102.jpg 300w, https:\/\/astronomia.udp.cl\/wp-content\/uploads\/2025\/01\/image_12221e-Messier-51-1024x347.jpg 1024w, https:\/\/astronomia.udp.cl\/wp-content\/uploads\/2025\/01\/image_12221e-Messier-51-768x260.jpg 768w, https:\/\/astronomia.udp.cl\/wp-content\/uploads\/2025\/01\/image_12221e-Messier-51-1536x520.jpg 1536w, https:\/\/astronomia.udp.cl\/wp-content\/uploads\/2025\/01\/image_12221e-Messier-51-2048x694.jpg 2048w, https:\/\/astronomia.udp.cl\/wp-content\/uploads\/2025\/01\/image_12221e-Messier-51-18x6.jpg 18w\" sizes=\"(max-width: 2560px) 100vw, 2560px\" \/>\t\t\t\t\t\t<\/div>\r\n\t\t\t\t\t\t\t\t\t\t\t\t\t<div class=\"premium-blog-thumbnail-overlay\">\r\n\t\t\t\t\t\t\t\t<a class=\"elementor-icon\" href=\"https:\/\/astronomia.udp.cl\/en\/open-faculty-position-at-iea-udp\/\" target=\"_self\"><\/a>\r\n\t\t\t\t\t\t\t<\/div>\r\n\r\n\t\t\t\t\t\t\t\t\t\t\t\t\t\t\t\t\t\t<\/div>\r\n\t\t\t\t\t\t\t\t\t\t\t\t<div class=\"premium-blog-content-wrapper \">\r\n\r\n\t\t\t\t\t<div class=\"premium-blog-inner-container\">\r\n\r\n\t\t\t\t\t\t\t\t\t\t\t\t\t\t<h2 class=\"premium-blog-entry-title\">\r\n\t\t\t<a href=\"https:\/\/astronomia.udp.cl\/en\/open-faculty-position-at-iea-udp\/\" target=\"_self\">\r\n\t\t\t\tOpen Faculty position at IEA UDP\t\t\t<\/a>\r\n\t\t<\/h2>\r\n\t\t\t\t<div class=\"premium-blog-entry-meta\">\r\n\t\t\t\r\n\t\t\t\t\t\t\t<span class=\"premium-blog-meta-separator\">\u2022<\/span>\r\n\t\t\t\t<div class=\"premium-blog-post-time premium-blog-meta-data\">\r\n\t\t\t\t\t<i class=\"fa fa-calendar-alt\" aria-hidden=\"true\"><\/i>\r\n\t\t\t\t\t<span>January 7, 2025<\/span>\r\n\t\t\t\t<\/div>\r\n\t\t\t\r\n\t\t\t\r\n\t\t\t\t\t<\/div>\r\n\t\t\r\n\t\t\t\t\t<\/div>\r\n\r\n\t\t\t\t\t\t\t<div class=\"premium-blog-content-inner-wrapper\">\r\n\t\t<p class=\"premium-blog-post-content\">The&nbsp;Institute of Astrophysical Studies&nbsp;(IEA) of Universidad Diego Portales is looking to hire at least one faculty member at the Assistant, Associate, or \u2026<\/p>\t\t<\/div>\r\n\t\t\t\t\t\t\t\r\n\t\t\t\t<\/div>\r\n\t\t\t<\/div>\r\n\t\t<\/div>\r\n\r\n\t\t\t\t<div class=\"premium-blog-post-outer-container\" data-total=\"1\">\r\n\t\t\t<div class=\"premium-blog-post-container premium-blog-skin-classic\">\r\n\t\t\t\t\t\t\t\t\t<div class=\"premium-blog-thumb-effect-wrapper\">\r\n\t\t\t\t\t\t<div class=\"premium-blog-thumbnail-container premium-blog-zoomin-effect\">\r\n\t\t\t\t\t\t\t<img loading=\"lazy\" decoding=\"async\" width=\"1920\" height=\"1280\" src=\"https:\/\/astronomia.udp.cl\/wp-content\/uploads\/2024\/07\/IMG_0352.jpg\" class=\"attachment-full size-full wp-image-5478\" alt=\"\" srcset=\"https:\/\/astronomia.udp.cl\/wp-content\/uploads\/2024\/07\/IMG_0352.jpg 1920w, https:\/\/astronomia.udp.cl\/wp-content\/uploads\/2024\/07\/IMG_0352-300x200.jpg 300w, https:\/\/astronomia.udp.cl\/wp-content\/uploads\/2024\/07\/IMG_0352-1024x683.jpg 1024w, https:\/\/astronomia.udp.cl\/wp-content\/uploads\/2024\/07\/IMG_0352-768x512.jpg 768w, https:\/\/astronomia.udp.cl\/wp-content\/uploads\/2024\/07\/IMG_0352-1536x1024.jpg 1536w, https:\/\/astronomia.udp.cl\/wp-content\/uploads\/2024\/07\/IMG_0352-18x12.jpg 18w\" sizes=\"(max-width: 1920px) 100vw, 1920px\" \/>\t\t\t\t\t\t<\/div>\r\n\t\t\t\t\t\t\t\t\t\t\t\t\t<div class=\"premium-blog-thumbnail-overlay\">\r\n\t\t\t\t\t\t\t\t<a class=\"elementor-icon\" href=\"https:\/\/astronomia.udp.cl\/en\/students-get-closer-to-the-stars-thanks-to-a-workshop-held-by-cata\/\" target=\"_self\"><\/a>\r\n\t\t\t\t\t\t\t<\/div>\r\n\r\n\t\t\t\t\t\t\t\t\t\t\t\t\t\t\t\t\t\t<\/div>\r\n\t\t\t\t\t\t\t\t\t\t\t\t<div class=\"premium-blog-content-wrapper \">\r\n\r\n\t\t\t\t\t<div class=\"premium-blog-inner-container\">\r\n\r\n\t\t\t\t\t\t\t\t\t\t\t\t\t\t<h2 class=\"premium-blog-entry-title\">\r\n\t\t\t<a href=\"https:\/\/astronomia.udp.cl\/en\/students-get-closer-to-the-stars-thanks-to-a-workshop-held-by-cata\/\" target=\"_self\">\r\n\t\t\t\tStudents get closer to the stars thanks to a workshop held by CATA\t\t\t<\/a>\r\n\t\t<\/h2>\r\n\t\t\t\t<div class=\"premium-blog-entry-meta\">\r\n\t\t\t\r\n\t\t\t\t\t\t\t<span class=\"premium-blog-meta-separator\">\u2022<\/span>\r\n\t\t\t\t<div class=\"premium-blog-post-time premium-blog-meta-data\">\r\n\t\t\t\t\t<i class=\"fa fa-calendar-alt\" aria-hidden=\"true\"><\/i>\r\n\t\t\t\t\t<span>July 30, 2024<\/span>\r\n\t\t\t\t<\/div>\r\n\t\t\t\r\n\t\t\t\r\n\t\t\t\t\t<\/div>\r\n\t\t\r\n\t\t\t\t\t<\/div>\r\n\r\n\t\t\t\t\t\t\t<div class=\"premium-blog-content-inner-wrapper\">\r\n\t\t<p class=\"premium-blog-post-content\">With the aid of a talk and practical activities given by astronomers from the Center for Astrophysics and Related Technologies (CATA), students \u2026<\/p>\t\t<\/div>\r\n\t\t\t\t\t\t\t\r\n\t\t\t\t<\/div>\r\n\t\t\t<\/div>\r\n\t\t<\/div>\r\n\r\n\t\t\t\t<div class=\"premium-blog-post-outer-container\" data-total=\"1\">\r\n\t\t\t<div class=\"premium-blog-post-container premium-blog-skin-classic\">\r\n\t\t\t\t\t\t\t\t\t<div class=\"premium-blog-thumb-effect-wrapper\">\r\n\t\t\t\t\t\t<div class=\"premium-blog-thumbnail-container premium-blog-zoomin-effect\">\r\n\t\t\t\t\t\t\t<img loading=\"lazy\" decoding=\"async\" width=\"1281\" height=\"854\" src=\"https:\/\/astronomia.udp.cl\/wp-content\/uploads\/2024\/05\/24.03.01_escuela-de-observacion-la-silla-evelyn-johnston-udp-4.png\" class=\"attachment-full size-full wp-image-4956\" alt=\"\" srcset=\"https:\/\/astronomia.udp.cl\/wp-content\/uploads\/2024\/05\/24.03.01_escuela-de-observacion-la-silla-evelyn-johnston-udp-4.png 1281w, https:\/\/astronomia.udp.cl\/wp-content\/uploads\/2024\/05\/24.03.01_escuela-de-observacion-la-silla-evelyn-johnston-udp-4-300x200.png 300w, https:\/\/astronomia.udp.cl\/wp-content\/uploads\/2024\/05\/24.03.01_escuela-de-observacion-la-silla-evelyn-johnston-udp-4-1024x683.png 1024w, https:\/\/astronomia.udp.cl\/wp-content\/uploads\/2024\/05\/24.03.01_escuela-de-observacion-la-silla-evelyn-johnston-udp-4-768x512.png 768w, https:\/\/astronomia.udp.cl\/wp-content\/uploads\/2024\/05\/24.03.01_escuela-de-observacion-la-silla-evelyn-johnston-udp-4-18x12.png 18w\" sizes=\"(max-width: 1281px) 100vw, 1281px\" \/>\t\t\t\t\t\t<\/div>\r\n\t\t\t\t\t\t\t\t\t\t\t\t\t<div class=\"premium-blog-thumbnail-overlay\">\r\n\t\t\t\t\t\t\t\t<a class=\"elementor-icon\" href=\"https:\/\/astronomia.udp.cl\/en\/professor-evelyn-johnston-was-a-tutor-for-the-observation-school-at-the-la-silla-observatory\/\" target=\"_self\"><\/a>\r\n\t\t\t\t\t\t\t<\/div>\r\n\r\n\t\t\t\t\t\t\t\t\t\t\t\t\t\t\t\t\t\t<\/div>\r\n\t\t\t\t\t\t\t\t\t\t\t\t<div class=\"premium-blog-content-wrapper \">\r\n\r\n\t\t\t\t\t<div class=\"premium-blog-inner-container\">\r\n\r\n\t\t\t\t\t\t\t\t\t\t\t\t\t\t<h2 class=\"premium-blog-entry-title\">\r\n\t\t\t<a href=\"https:\/\/astronomia.udp.cl\/en\/professor-evelyn-johnston-was-a-tutor-for-the-observation-school-at-the-la-silla-observatory\/\" target=\"_self\">\r\n\t\t\t\tProfessor Evelyn Johnston was a Tutor for the Observation School at the La Silla Observatory\t\t\t<\/a>\r\n\t\t<\/h2>\r\n\t\t\t\t<div class=\"premium-blog-entry-meta\">\r\n\t\t\t\r\n\t\t\t\t\t\t\t<span class=\"premium-blog-meta-separator\">\u2022<\/span>\r\n\t\t\t\t<div class=\"premium-blog-post-time premium-blog-meta-data\">\r\n\t\t\t\t\t<i class=\"fa fa-calendar-alt\" aria-hidden=\"true\"><\/i>\r\n\t\t\t\t\t<span>March 1, 2024<\/span>\r\n\t\t\t\t<\/div>\r\n\t\t\t\r\n\t\t\t\r\n\t\t\t\t\t<\/div>\r\n\t\t\r\n\t\t\t\t\t<\/div>\r\n\r\n\t\t\t\t\t\t\t<div class=\"premium-blog-content-inner-wrapper\">\r\n\t\t<p class=\"premium-blog-post-content\">The IEA UDP professor commented that &#8220;the school was a success, all students achieved the goals of their projects and presented good \u2026<\/p>\t\t<\/div>\r\n\t\t\t\t\t\t\t\r\n\t\t\t\t<\/div>\r\n\t\t\t<\/div>\r\n\t\t<\/div>\r\n\r\n\t\t\t\t<div class=\"premium-blog-post-outer-container\" data-total=\"1\">\r\n\t\t\t<div class=\"premium-blog-post-container premium-blog-skin-classic\">\r\n\t\t\t\t\t\t\t\t\t<div class=\"premium-blog-thumb-effect-wrapper\">\r\n\t\t\t\t\t\t<div class=\"premium-blog-thumbnail-container premium-blog-zoomin-effect\">\r\n\t\t\t\t\t\t\t<img loading=\"lazy\" decoding=\"async\" width=\"2000\" height=\"1500\" src=\"https:\/\/astronomia.udp.cl\/wp-content\/uploads\/2024\/05\/24.01.18_ASTRO-UDP-EN-PADOVA-2023-2.jpg\" class=\"attachment-full size-full wp-image-4936\" alt=\"\" srcset=\"https:\/\/astronomia.udp.cl\/wp-content\/uploads\/2024\/05\/24.01.18_ASTRO-UDP-EN-PADOVA-2023-2.jpg 2000w, https:\/\/astronomia.udp.cl\/wp-content\/uploads\/2024\/05\/24.01.18_ASTRO-UDP-EN-PADOVA-2023-2-300x225.jpg 300w, https:\/\/astronomia.udp.cl\/wp-content\/uploads\/2024\/05\/24.01.18_ASTRO-UDP-EN-PADOVA-2023-2-1024x768.jpg 1024w, https:\/\/astronomia.udp.cl\/wp-content\/uploads\/2024\/05\/24.01.18_ASTRO-UDP-EN-PADOVA-2023-2-768x576.jpg 768w, https:\/\/astronomia.udp.cl\/wp-content\/uploads\/2024\/05\/24.01.18_ASTRO-UDP-EN-PADOVA-2023-2-1536x1152.jpg 1536w, https:\/\/astronomia.udp.cl\/wp-content\/uploads\/2024\/05\/24.01.18_ASTRO-UDP-EN-PADOVA-2023-2-16x12.jpg 16w\" sizes=\"(max-width: 2000px) 100vw, 2000px\" \/>\t\t\t\t\t\t<\/div>\r\n\t\t\t\t\t\t\t\t\t\t\t\t\t<div class=\"premium-blog-thumbnail-overlay\">\r\n\t\t\t\t\t\t\t\t<a class=\"elementor-icon\" href=\"https:\/\/astronomia.udp.cl\/en\/erika-labbe-conducted-seminars-and-workshops-at-the-university-of-padova-italy\/\" target=\"_self\"><\/a>\r\n\t\t\t\t\t\t\t<\/div>\r\n\r\n\t\t\t\t\t\t\t\t\t\t\t\t\t\t\t\t\t\t<\/div>\r\n\t\t\t\t\t\t\t\t\t\t\t\t<div class=\"premium-blog-content-wrapper \">\r\n\r\n\t\t\t\t\t<div class=\"premium-blog-inner-container\">\r\n\r\n\t\t\t\t\t\t\t\t\t\t\t\t\t\t<h2 class=\"premium-blog-entry-title\">\r\n\t\t\t<a href=\"https:\/\/astronomia.udp.cl\/en\/erika-labbe-conducted-seminars-and-workshops-at-the-university-of-padova-italy\/\" target=\"_self\">\r\n\t\t\t\tErika Labb\u00e9 Conducted Seminars and Workshops at the University of Padova, Italy\t\t\t<\/a>\r\n\t\t<\/h2>\r\n\t\t\t\t<div class=\"premium-blog-entry-meta\">\r\n\t\t\t\r\n\t\t\t\t\t\t\t<span class=\"premium-blog-meta-separator\">\u2022<\/span>\r\n\t\t\t\t<div class=\"premium-blog-post-time premium-blog-meta-data\">\r\n\t\t\t\t\t<i class=\"fa fa-calendar-alt\" aria-hidden=\"true\"><\/i>\r\n\t\t\t\t\t<span>January 18, 2024<\/span>\r\n\t\t\t\t<\/div>\r\n\t\t\t\r\n\t\t\t\r\n\t\t\t\t\t<\/div>\r\n\t\t\r\n\t\t\t\t\t<\/div>\r\n\r\n\t\t\t\t\t\t\t<div class=\"premium-blog-content-inner-wrapper\">\r\n\t\t<p class=\"premium-blog-post-content\">&#8220;Before the workshops, for our team the words &#8216;inclusive dissemination&#8217; were just words, but now they have become a motivating idea that \u2026<\/p>\t\t<\/div>\r\n\t\t\t\t\t\t\t\r\n\t\t\t\t<\/div>\r\n\t\t\t<\/div>\r\n\t\t<\/div>\r\n\r\n\t\t\t\t<div class=\"premium-blog-post-outer-container\" data-total=\"1\">\r\n\t\t\t<div class=\"premium-blog-post-container premium-blog-skin-classic\">\r\n\t\t\t\t\t\t\t\t\t<div class=\"premium-blog-thumb-effect-wrapper\">\r\n\t\t\t\t\t\t<div class=\"premium-blog-thumbnail-container premium-blog-zoomin-effect\">\r\n\t\t\t\t\t\t\t<img loading=\"lazy\" decoding=\"async\" width=\"1600\" height=\"1068\" src=\"https:\/\/astronomia.udp.cl\/wp-content\/uploads\/2024\/05\/24.01.18_ASTRONOMIA-INCLUSIVA-UDP-SAN-PEDRO-ATACAMA-2023-3.jpg\" class=\"attachment-full size-full wp-image-4900\" alt=\"\" srcset=\"https:\/\/astronomia.udp.cl\/wp-content\/uploads\/2024\/05\/24.01.18_ASTRONOMIA-INCLUSIVA-UDP-SAN-PEDRO-ATACAMA-2023-3.jpg 1600w, https:\/\/astronomia.udp.cl\/wp-content\/uploads\/2024\/05\/24.01.18_ASTRONOMIA-INCLUSIVA-UDP-SAN-PEDRO-ATACAMA-2023-3-300x200.jpg 300w, https:\/\/astronomia.udp.cl\/wp-content\/uploads\/2024\/05\/24.01.18_ASTRONOMIA-INCLUSIVA-UDP-SAN-PEDRO-ATACAMA-2023-3-1024x684.jpg 1024w, https:\/\/astronomia.udp.cl\/wp-content\/uploads\/2024\/05\/24.01.18_ASTRONOMIA-INCLUSIVA-UDP-SAN-PEDRO-ATACAMA-2023-3-768x513.jpg 768w, https:\/\/astronomia.udp.cl\/wp-content\/uploads\/2024\/05\/24.01.18_ASTRONOMIA-INCLUSIVA-UDP-SAN-PEDRO-ATACAMA-2023-3-1536x1025.jpg 1536w, https:\/\/astronomia.udp.cl\/wp-content\/uploads\/2024\/05\/24.01.18_ASTRONOMIA-INCLUSIVA-UDP-SAN-PEDRO-ATACAMA-2023-3-18x12.jpg 18w\" sizes=\"(max-width: 1600px) 100vw, 1600px\" \/>\t\t\t\t\t\t<\/div>\r\n\t\t\t\t\t\t\t\t\t\t\t\t\t<div class=\"premium-blog-thumbnail-overlay\">\r\n\t\t\t\t\t\t\t\t<a class=\"elementor-icon\" href=\"https:\/\/astronomia.udp.cl\/en\/a-team-from-the-udp-institute-of-astrophysical-studies-carried-out-inclusion-activities-in-san-pedro-de-atacama-and-the-los-lagos-region\/\" target=\"_self\"><\/a>\r\n\t\t\t\t\t\t\t<\/div>\r\n\r\n\t\t\t\t\t\t\t\t\t\t\t\t\t\t\t\t\t\t<\/div>\r\n\t\t\t\t\t\t\t\t\t\t\t\t<div class=\"premium-blog-content-wrapper \">\r\n\r\n\t\t\t\t\t<div class=\"premium-blog-inner-container\">\r\n\r\n\t\t\t\t\t\t\t\t\t\t\t\t\t\t<h2 class=\"premium-blog-entry-title\">\r\n\t\t\t<a href=\"https:\/\/astronomia.udp.cl\/en\/a-team-from-the-udp-institute-of-astrophysical-studies-carried-out-inclusion-activities-in-san-pedro-de-atacama-and-the-los-lagos-region\/\" target=\"_self\">\r\n\t\t\t\tA Team from the UDP Institute of Astrophysical Studies Carried Out Inclusion Activities in San Pedro de Atacama and the Los Lagos Region\t\t\t<\/a>\r\n\t\t<\/h2>\r\n\t\t\t\t<div class=\"premium-blog-entry-meta\">\r\n\t\t\t\r\n\t\t\t\t\t\t\t<span class=\"premium-blog-meta-separator\">\u2022<\/span>\r\n\t\t\t\t<div class=\"premium-blog-post-time premium-blog-meta-data\">\r\n\t\t\t\t\t<i class=\"fa fa-calendar-alt\" aria-hidden=\"true\"><\/i>\r\n\t\t\t\t\t<span>January 18, 2024<\/span>\r\n\t\t\t\t<\/div>\r\n\t\t\t\r\n\t\t\t\r\n\t\t\t\t\t<\/div>\r\n\t\t\r\n\t\t\t\t\t<\/div>\r\n\r\n\t\t\t\t\t\t\t<div class=\"premium-blog-content-inner-wrapper\">\r\n\t\t<p class=\"premium-blog-post-content\">They developed events such as training, inclusive astronomy workshops, experiences with tactile models of the solar system and stories of astronomical experiences \u2026<\/p>\t\t<\/div>\r\n\t\t\t\t\t\t\t\r\n\t\t\t\t<\/div>\r\n\t\t\t<\/div>\r\n\t\t<\/div>\r\n\r\n\t\t\t\t<\/div>\n\n\t\t\t\t<\/div>\n\t\t\t\t<\/div>\n\t\t\t\t\t<\/div>\n\t\t<\/div>\n\t\t\t\t\t<\/div>\n\t\t<\/section>\n\t\t\t\t<\/div>\n\t\t","protected":false},"excerpt":{"rendered":"<p>Education Home &gt; Outreach &gt; Education Education There are no recent posts on Education<\/p>\n","protected":false},"author":2,"featured_media":0,"parent":747,"menu_order":0,"comment_status":"closed","ping_status":"closed","template":"elementor_header_footer","meta":{"_monsterinsights_skip_tracking":false,"_monsterinsights_sitenote_active":false,"_monsterinsights_sitenote_note":"","_monsterinsights_sitenote_category":0,"site-sidebar-layout":"no-sidebar","site-content-layout":"page-builder","ast-global-header-display":"","ast-banner-title-visibility":"","ast-main-header-display":"","ast-hfb-above-header-display":"","ast-hfb-below-header-display":"","ast-hfb-mobile-header-display":"","site-post-title":"disabled","ast-breadcrumbs-content":"","ast-featured-img":"disabled","footer-sml-layout":"","theme-transparent-header-meta":"","adv-header-id-meta":"","stick-header-meta":"","header-above-stick-meta":"","header-main-stick-meta":"","header-below-stick-meta":""},"acf":[],"_links":{"self":[{"href":"https:\/\/astronomia.udp.cl\/en\/wp-json\/wp\/v2\/pages\/1391"}],"collection":[{"href":"https:\/\/astronomia.udp.cl\/en\/wp-json\/wp\/v2\/pages"}],"about":[{"href":"https:\/\/astronomia.udp.cl\/en\/wp-json\/wp\/v2\/types\/page"}],"author":[{"embeddable":true,"href":"https:\/\/astronomia.udp.cl\/en\/wp-json\/wp\/v2\/users\/2"}],"replies":[{"embeddable":true,"href":"https:\/\/astronomia.udp.cl\/en\/wp-json\/wp\/v2\/comments?post=1391"}],"version-history":[{"count":18,"href":"https:\/\/astronomia.udp.cl\/en\/wp-json\/wp\/v2\/pages\/1391\/revisions"}],"predecessor-version":[{"id":6158,"href":"https:\/\/astronomia.udp.cl\/en\/wp-json\/wp\/v2\/pages\/1391\/revisions\/6158"}],"up":[{"embeddable":true,"href":"https:\/\/astronomia.udp.cl\/en\/wp-json\/wp\/v2\/pages\/747"}],"wp:attachment":[{"href":"https:\/\/astronomia.udp.cl\/en\/wp-json\/wp\/v2\/media?parent=1391"}],"curies":[{"name":"wp","href":"https:\/\/api.w.org\/{rel}","templated":true}]}}