{"id":743,"date":"2023-08-25T09:43:40","date_gmt":"2023-08-25T09:43:40","guid":{"rendered":"https:\/\/astronomia.bedigital.cl\/?page_id=743"},"modified":"2025-08-20T00:31:25","modified_gmt":"2025-08-20T00:31:25","slug":"publications-and-press","status":"publish","type":"page","link":"https:\/\/astronomia.udp.cl\/es\/research\/publications-and-press\/","title":{"rendered":"Proyectos"},"content":{"rendered":"<div data-elementor-type=\"wp-page\" data-elementor-id=\"743\" class=\"elementor elementor-743\" data-elementor-settings=\"{&quot;ha_cmc_init_switcher&quot;:&quot;no&quot;}\">\n\t\t\t\t\t\t<section class=\"elementor-section elementor-top-section elementor-element elementor-element-80a6e83 elementor-section-height-min-height elementor-section-boxed elementor-section-height-default elementor-section-items-middle\" data-id=\"80a6e83\" data-element_type=\"section\" data-settings=\"{&quot;background_background&quot;:&quot;classic&quot;,&quot;_ha_eqh_enable&quot;:false}\">\n\t\t\t\t\t\t\t<div class=\"elementor-background-overlay\"><\/div>\n\t\t\t\t\t\t\t<div class=\"elementor-container elementor-column-gap-no\">\n\t\t\t\t\t<div class=\"elementor-column elementor-col-100 elementor-top-column elementor-element elementor-element-de28814\" data-id=\"de28814\" data-element_type=\"column\">\n\t\t\t<div class=\"elementor-widget-wrap elementor-element-populated\">\n\t\t\t\t\t\t<div class=\"elementor-element elementor-element-96ebfb9 elementor-widget elementor-widget-heading\" data-id=\"96ebfb9\" data-element_type=\"widget\" data-widget_type=\"heading.default\">\n\t\t\t\t<div class=\"elementor-widget-container\">\n\t\t\t<style>\/*! elementor - v3.20.0 - 13-03-2024 *\/\n.elementor-heading-title{padding:0;margin:0;line-height:1}.elementor-widget-heading .elementor-heading-title[class*=elementor-size-]>a{color:inherit;font-size:inherit;line-height:inherit}.elementor-widget-heading .elementor-heading-title.elementor-size-small{font-size:15px}.elementor-widget-heading .elementor-heading-title.elementor-size-medium{font-size:19px}.elementor-widget-heading .elementor-heading-title.elementor-size-large{font-size:29px}.elementor-widget-heading .elementor-heading-title.elementor-size-xl{font-size:39px}.elementor-widget-heading .elementor-heading-title.elementor-size-xxl{font-size:59px}<\/style><h1 class=\"elementor-heading-title elementor-size-default\">Publicaciones y Prensa<\/h1>\t\t<\/div>\n\t\t\t\t<\/div>\n\t\t\t\t\t<\/div>\n\t\t<\/div>\n\t\t\t\t\t<\/div>\n\t\t<\/section>\n\t\t\t\t<section class=\"elementor-section elementor-top-section elementor-element elementor-element-b85c4cd elementor-section-boxed elementor-section-height-default elementor-section-height-default\" data-id=\"b85c4cd\" data-element_type=\"section\" data-settings=\"{&quot;_ha_eqh_enable&quot;:false}\">\n\t\t\t\t\t\t<div class=\"elementor-container elementor-column-gap-default\">\n\t\t\t\t\t<div class=\"elementor-column elementor-col-100 elementor-top-column elementor-element elementor-element-fbdfac9\" data-id=\"fbdfac9\" data-element_type=\"column\">\n\t\t\t<div class=\"elementor-widget-wrap elementor-element-populated\">\n\t\t\t\t\t\t<div class=\"elementor-element elementor-element-296b5ab elementor-widget elementor-widget-heading\" data-id=\"296b5ab\" data-element_type=\"widget\" data-widget_type=\"heading.default\">\n\t\t\t\t<div class=\"elementor-widget-container\">\n\t\t\t<h5 class=\"elementor-heading-title elementor-size-default\"><br>Acceda a la lista completa de publicaciones revisadas por pares del IEA en NASA ADS.<br><\/h5>\t\t<\/div>\n\t\t\t\t<\/div>\n\t\t\t\t\t<\/div>\n\t\t<\/div>\n\t\t\t\t\t<\/div>\n\t\t<\/section>\n\t\t\t\t<section class=\"elementor-section elementor-top-section elementor-element elementor-element-250af2e elementor-section-boxed elementor-section-height-default elementor-section-height-default\" data-id=\"250af2e\" data-element_type=\"section\" data-settings=\"{&quot;_ha_eqh_enable&quot;:false}\">\n\t\t\t\t\t\t<div class=\"elementor-container elementor-column-gap-default\">\n\t\t\t\t\t<div class=\"elementor-column elementor-col-100 elementor-top-column elementor-element elementor-element-e77505c\" data-id=\"e77505c\" data-element_type=\"column\">\n\t\t\t<div class=\"elementor-widget-wrap\">\n\t\t\t\t\t\t\t<\/div>\n\t\t<\/div>\n\t\t\t\t\t<\/div>\n\t\t<\/section>\n\t\t\t\t<section class=\"elementor-section elementor-top-section elementor-element elementor-element-121c9db elementor-section-boxed elementor-section-height-default elementor-section-height-default\" data-id=\"121c9db\" data-element_type=\"section\" data-settings=\"{&quot;_ha_eqh_enable&quot;:false}\">\n\t\t\t\t\t\t<div class=\"elementor-container elementor-column-gap-default\">\n\t\t\t\t\t<div class=\"elementor-column elementor-col-100 elementor-top-column elementor-element elementor-element-3c6092a\" data-id=\"3c6092a\" data-element_type=\"column\">\n\t\t\t<div class=\"elementor-widget-wrap elementor-element-populated\">\n\t\t\t\t\t\t<div class=\"elementor-element elementor-element-32fca64 elementor-widget elementor-widget-spacer\" data-id=\"32fca64\" data-element_type=\"widget\" data-widget_type=\"spacer.default\">\n\t\t\t\t<div class=\"elementor-widget-container\">\n\t\t\t<style>\/*! elementor - v3.20.0 - 13-03-2024 *\/\n.elementor-column .elementor-spacer-inner{height:var(--spacer-size)}.e-con{--container-widget-width:100%}.e-con-inner>.elementor-widget-spacer,.e-con>.elementor-widget-spacer{width:var(--container-widget-width,var(--spacer-size));--align-self:var(--container-widget-align-self,initial);--flex-shrink:0}.e-con-inner>.elementor-widget-spacer>.elementor-widget-container,.e-con>.elementor-widget-spacer>.elementor-widget-container{height:100%;width:100%}.e-con-inner>.elementor-widget-spacer>.elementor-widget-container>.elementor-spacer,.e-con>.elementor-widget-spacer>.elementor-widget-container>.elementor-spacer{height:100%}.e-con-inner>.elementor-widget-spacer>.elementor-widget-container>.elementor-spacer>.elementor-spacer-inner,.e-con>.elementor-widget-spacer>.elementor-widget-container>.elementor-spacer>.elementor-spacer-inner{height:var(--container-widget-height,var(--spacer-size))}.e-con-inner>.elementor-widget-spacer.elementor-widget-empty,.e-con>.elementor-widget-spacer.elementor-widget-empty{position:relative;min-height:22px;min-width:22px}.e-con-inner>.elementor-widget-spacer.elementor-widget-empty .elementor-widget-empty-icon,.e-con>.elementor-widget-spacer.elementor-widget-empty .elementor-widget-empty-icon{position:absolute;top:0;bottom:0;left:0;right:0;margin:auto;padding:0;width:22px;height:22px}<\/style>\t\t<div class=\"elementor-spacer\">\n\t\t\t<div class=\"elementor-spacer-inner\"><\/div>\n\t\t<\/div>\n\t\t\t\t<\/div>\n\t\t\t\t<\/div>\n\t\t\t\t<div class=\"elementor-element elementor-element-d5eb089 elementor-widget elementor-widget-ha-creative-button happy-addon ha-creative-button\" data-id=\"d5eb089\" data-element_type=\"widget\" data-widget_type=\"ha-creative-button.default\">\n\t\t\t\t<div class=\"elementor-widget-container\">\n\t\t\t\t\t<div data-magnetic=\"no\" class=\"ha-creative-btn-wrap\">\n\t\t\t<a class=\"ha-creative-btn ha-stl--montino ha-eft--nina\" href=\"https:\/\/ui.adsabs.harvard.edu\/search\/q=docs(library%2F-gaaTghdRr-20ak06pOpIw)&#038;sort=date%20desc%2C%20bibcode%20desc&#038;p_=0\" rel=\"nofollow\" data-text=\"NASA\/ADS Library\"><span style=\"--delay:0.045s\">N<\/span><span style=\"--delay:0.09s\">A<\/span><span style=\"--delay:0.135s\">S<\/span><span style=\"--delay:0.18s\">A<\/span><span style=\"--delay:0.225s\">\/<\/span><span style=\"--delay:0.27s\">A<\/span><span style=\"--delay:0.315s\">D<\/span><span style=\"--delay:0.36s\">S<\/span><span>&nbsp;<\/span><span style=\"--delay:0.45s\">L<\/span><span style=\"--delay:0.495s\">i<\/span><span style=\"--delay:0.54s\">b<\/span><span style=\"--delay:0.585s\">r<\/span><span style=\"--delay:0.63s\">un<\/span><span style=\"--delay:0.675s\">r<\/span><span style=\"--delay:0.72s\">y<\/span><\/a>\n\t\t<\/div>\t\t<\/div>\n\t\t\t\t<\/div>\n\t\t\t\t<div class=\"elementor-element elementor-element-32fbb99 elementor-widget elementor-widget-spacer\" data-id=\"32fbb99\" data-element_type=\"widget\" data-widget_type=\"spacer.default\">\n\t\t\t\t<div class=\"elementor-widget-container\">\n\t\t\t\t\t<div class=\"elementor-spacer\">\n\t\t\t<div class=\"elementor-spacer-inner\"><\/div>\n\t\t<\/div>\n\t\t\t\t<\/div>\n\t\t\t\t<\/div>\n\t\t\t\t\t<\/div>\n\t\t<\/div>\n\t\t\t\t\t<\/div>\n\t\t<\/section>\n\t\t\t\t<section class=\"elementor-section elementor-top-section elementor-element elementor-element-fc4486b elementor-section-boxed elementor-section-height-default elementor-section-height-default\" data-id=\"fc4486b\" data-element_type=\"section\" data-settings=\"{&quot;_ha_eqh_enable&quot;:false}\">\n\t\t\t\t\t\t<div class=\"elementor-container elementor-column-gap-default\">\n\t\t\t\t\t<div class=\"elementor-column elementor-col-100 elementor-top-column elementor-element elementor-element-d712843\" data-id=\"d712843\" data-element_type=\"column\">\n\t\t\t<div class=\"elementor-widget-wrap elementor-element-populated\">\n\t\t\t\t\t\t<div class=\"elementor-element elementor-element-fe656fb elementor-widget elementor-widget-heading\" data-id=\"fe656fb\" data-element_type=\"widget\" data-widget_type=\"heading.default\">\n\t\t\t\t<div class=\"elementor-widget-container\">\n\t\t\t<h5 class=\"elementor-heading-title elementor-size-default\">Descubra comunicados de prensa destacados, entrevistas y noticias que muestran la investigaci\u00f3n realizada en el IEA.<br><br><\/h5>\t\t<\/div>\n\t\t\t\t<\/div>\n\t\t\t\t\t<\/div>\n\t\t<\/div>\n\t\t\t\t\t<\/div>\n\t\t<\/section>\n\t\t\t\t<section class=\"elementor-section elementor-top-section elementor-element elementor-element-6f2461b elementor-section-content-space-evenly elementor-section-boxed elementor-section-height-default elementor-section-height-default\" data-id=\"6f2461b\" data-element_type=\"section\" data-settings=\"{&quot;_ha_eqh_enable&quot;:false}\">\n\t\t\t\t\t\t<div class=\"elementor-container elementor-column-gap-no\">\n\t\t\t\t\t<div class=\"elementor-column elementor-col-100 elementor-top-column elementor-element elementor-element-4a0eb21\" data-id=\"4a0eb21\" data-element_type=\"column\">\n\t\t\t<div class=\"elementor-widget-wrap elementor-element-populated\">\n\t\t\t\t\t\t<div class=\"elementor-element elementor-element-a4c9c01 elementor-widget elementor-widget-ha-slider happy-addon ha-slider\" data-id=\"a4c9c01\" data-element_type=\"widget\" data-settings=\"{&quot;autoplay_speed&quot;:3500,&quot;slides_transition&quot;:&quot;fade&quot;,&quot;animation_speed&quot;:300,&quot;autoplay&quot;:&quot;yes&quot;,&quot;loop&quot;:&quot;yes&quot;,&quot;navigation&quot;:&quot;arrow&quot;}\" data-widget_type=\"ha-slider.default\">\n\t\t\t\t<div class=\"elementor-widget-container\">\n\t\t\t\n\t\t<div class=\"hajs-slick ha-slick ha-slick--slider\">\n\n\t\t\t\n\t\t\t\t<div class=\"ha-slick-slide slick-slide\">\n\t\t\t\t\t<a class=\"ha-slick-item\" href=\"https:\/\/www.eso.org\/public\/videos\/potw2345a\/\">\n\t\t\t\t\t\t\t\t\t\t\t\t\t<img decoding=\"async\" class=\"ha-slick-img\" src=\"https:\/\/astronomia.udp.cl\/wp-content\/uploads\/2025\/07\/Thallis_Pessi.jpg\" alt=\"Descubriendo los secretos de las supernovas: Comunicado de prensa de ESO\">\n\t\t\t\t\t\t\n\t\t\t\t\t\t\t\t\t\t\t\t\t<div class=\"ha-slick-content\">\n\t\t\t\t\t\t\t\t<h2 class=\"ha-slick-title\">Descubriendo los secretos de las supernovas: Comunicado de prensa de ESO<\/h2>\t\t\t\t\t\t\t\t\t\t\t\t\t\t\t<\/div>\n\t\t\t\t\t\t\t\t\t\t\t<\/a>\n\t\t\t\t<\/div>\n\n\t\t\t\n\t\t\t\t<div class=\"ha-slick-slide slick-slide\">\n\t\t\t\t\t<a class=\"ha-slick-item\" href=\"https:\/\/www.eso.org\/public\/unitedkingdom\/news\/eso1626\/?lang\">\n\t\t\t\t\t\t\t\t\t\t\t\t\t<img decoding=\"async\" class=\"ha-slick-img\" src=\"https:\/\/astronomia.udp.cl\/wp-content\/uploads\/2025\/07\/YEMS2.png\" alt=\"Una explosi\u00f3n estelar deja al descubierto la l\u00ednea de nieve del agua: Comunicado de prensa de ESO\">\n\t\t\t\t\t\t\n\t\t\t\t\t\t\t\t\t\t\t\t\t<div class=\"ha-slick-content\">\n\t\t\t\t\t\t\t\t<h2 class=\"ha-slick-title\">Una explosi\u00f3n estelar deja al descubierto la l\u00ednea de nieve del agua: Comunicado de prensa de ESO<\/h2>\t\t\t\t\t\t\t\t\t\t\t\t\t\t\t<\/div>\n\t\t\t\t\t\t\t\t\t\t\t<\/a>\n\t\t\t\t<\/div>\n\n\t\t\t\n\t\t\t\t<div class=\"ha-slick-slide slick-slide\">\n\t\t\t\t\t<a class=\"ha-slick-item\" href=\"https:\/\/www.bbc.co.uk\/programmes\/p0k379tk\">\n\t\t\t\t\t\t\t\t\t\t\t\t\t<img decoding=\"async\" class=\"ha-slick-img\" src=\"https:\/\/astronomia.udp.cl\/wp-content\/uploads\/2025\/07\/Paula.png\" alt=\"Patrimonio gal\u00e1ctico: Programa de la BBC \u00abEl cielo nocturno\u00bb\">\n\t\t\t\t\t\t\n\t\t\t\t\t\t\t\t\t\t\t\t\t<div class=\"ha-slick-content\">\n\t\t\t\t\t\t\t\t<h2 class=\"ha-slick-title\">Patrimonio gal\u00e1ctico: Programa de la BBC \u00abEl cielo nocturno\u00bb<\/h2>\t\t\t\t\t\t\t\t\t\t\t\t\t\t\t<\/div>\n\t\t\t\t\t\t\t\t\t\t\t<\/a>\n\t\t\t\t<\/div>\n\n\t\t\t\n\t\t\t\t<div class=\"ha-slick-slide slick-slide\">\n\t\t\t\t\t<a class=\"ha-slick-item\" href=\"https:\/\/www.spacedaily.com\/reports\/Robotic_SDSS_telescopes_revolutionize_mapping_the_Milky_Way_999.html\">\n\t\t\t\t\t\t\t\t\t\t\t\t\t<img decoding=\"async\" class=\"ha-slick-img\" src=\"https:\/\/astronomia.udp.cl\/wp-content\/uploads\/2025\/07\/Evelyn.png\" alt=\"Los telescopios rob\u00f3ticos SDSS revolucionan la cartograf\u00eda de la V\u00eda L\u00e1ctea: Informe diario espacial\">\n\t\t\t\t\t\t\n\t\t\t\t\t\t\t\t\t\t\t\t\t<div class=\"ha-slick-content\">\n\t\t\t\t\t\t\t\t<h2 class=\"ha-slick-title\">Los telescopios rob\u00f3ticos SDSS revolucionan la cartograf\u00eda de la V\u00eda L\u00e1ctea: Informe diario espacial<\/h2>\t\t\t\t\t\t\t\t\t\t\t\t\t\t\t<\/div>\n\t\t\t\t\t\t\t\t\t\t\t<\/a>\n\t\t\t\t<\/div>\n\n\t\t\t\n\t\t\t\t<div class=\"ha-slick-slide slick-slide\">\n\t\t\t\t\t<a class=\"ha-slick-item\" href=\"https:\/\/msutoday.msu.edu\/news\/2025\/first-scientific-paper-on-3i-atlas-interstellar-object\">\n\t\t\t\t\t\t\t\t\t\t\t\t\t<img decoding=\"async\" class=\"ha-slick-img\" src=\"https:\/\/astronomia.udp.cl\/wp-content\/uploads\/2025\/07\/Bin.png\" alt=\"Primer art\u00edculo cient\u00edfico sobre el objeto interestelar 3I\/ATLAS: Comunicado de prensa de la Universidad Michigan State\">\n\t\t\t\t\t\t\n\t\t\t\t\t\t\t\t\t\t\t\t\t<div class=\"ha-slick-content\">\n\t\t\t\t\t\t\t\t<h2 class=\"ha-slick-title\">Primer art\u00edculo cient\u00edfico sobre el objeto interestelar 3I\/ATLAS: Comunicado de prensa de la Universidad Michigan State<\/h2>\t\t\t\t\t\t\t\t\t\t\t\t\t\t\t<\/div>\n\t\t\t\t\t\t\t\t\t\t\t<\/a>\n\t\t\t\t<\/div>\n\n\t\t\t\n\t\t\t\t<div class=\"ha-slick-slide slick-slide\">\n\t\t\t\t\t<a class=\"ha-slick-item\" href=\"https:\/\/astrobiology.com\/2025\/03\/near-infrared-spectroscopic-characterization-of-the-pallas-family.html\">\n\t\t\t\t\t\t\t\t\t\t\t\t\t<img decoding=\"async\" class=\"ha-slick-img\" src=\"https:\/\/astronomia.udp.cl\/wp-content\/uploads\/2025\/07\/Prachi.png\" alt=\"Caracterizaci\u00f3n espectrosc\u00f3pica en el infrarrojo cercano de la familia Pallas: revista de astrobiolog\u00eda\">\n\t\t\t\t\t\t\n\t\t\t\t\t\t\t\t\t\t\t\t\t<div class=\"ha-slick-content\">\n\t\t\t\t\t\t\t\t<h2 class=\"ha-slick-title\">Caracterizaci\u00f3n espectrosc\u00f3pica en el infrarrojo cercano de la familia Pallas: revista de astrobiolog\u00eda<\/h2>\t\t\t\t\t\t\t\t\t\t\t\t\t\t\t<\/div>\n\t\t\t\t\t\t\t\t\t\t\t<\/a>\n\t\t\t\t<\/div>\n\n\t\t\t\n\t\t\t\t<div class=\"ha-slick-slide slick-slide\">\n\t\t\t\t\t<a class=\"ha-slick-item\" href=\"https:\/\/www.eso.org\/public\/news\/eso2513\/\">\n\t\t\t\t\t\t\t\t\t\t\t\t\t<img decoding=\"async\" class=\"ha-slick-img\" src=\"https:\/\/astronomia.udp.cl\/wp-content\/uploads\/2025\/07\/Anuroop.png\" alt=\"Los astr\u00f3nomos observan c\u00f3mo un planeta reci\u00e9n nacido esculpe el polvo que lo rodea: Comunicado de prensa de ESO\">\n\t\t\t\t\t\t\n\t\t\t\t\t\t\t\t\t\t\t\t\t<div class=\"ha-slick-content\">\n\t\t\t\t\t\t\t\t<h2 class=\"ha-slick-title\">Los astr\u00f3nomos observan c\u00f3mo un planeta reci\u00e9n nacido esculpe el polvo que lo rodea: Comunicado de prensa de ESO<\/h2>\t\t\t\t\t\t\t\t\t\t\t\t\t\t\t<\/div>\n\t\t\t\t\t\t\t\t\t\t\t<\/a>\n\t\t\t\t<\/div>\n\n\t\t\t\n\t\t\t\t<div class=\"ha-slick-slide slick-slide\">\n\t\t\t\t\t<a class=\"ha-slick-item\" href=\"https:\/\/noirlab.edu\/public\/news\/noirlab2422\/\">\n\t\t\t\t\t\t\t\t\t\t\t\t\t<img decoding=\"async\" class=\"ha-slick-img\" src=\"https:\/\/astronomia.udp.cl\/wp-content\/uploads\/2025\/07\/Decam.png\" alt=\"DECam confirma que las vecindades de los cu\u00e1sares del universo primitivo est\u00e1n realmente abarrotadas: Comunicado de prensa del NoirLab\">\n\t\t\t\t\t\t\n\t\t\t\t\t\t\t\t\t\t\t\t\t<div class=\"ha-slick-content\">\n\t\t\t\t\t\t\t\t<h2 class=\"ha-slick-title\">DECam confirma que las vecindades de los cu\u00e1sares del universo primitivo est\u00e1n realmente abarrotadas: Comunicado de prensa del NoirLab<\/h2>\t\t\t\t\t\t\t\t\t\t\t\t\t\t\t<\/div>\n\t\t\t\t\t\t\t\t\t\t\t<\/a>\n\t\t\t\t<\/div>\n\n\t\t\t\n\t\t\t\t<div class=\"ha-slick-slide slick-slide\">\n\t\t\t\t\t<a class=\"ha-slick-item\" href=\"https:\/\/www.almaobservatory.org\/en\/press-releases\/alma-inspires-new-models-for-the-evolution-of-planet-forming-disks\/\">\n\t\t\t\t\t\t\t\t\t\t\t\t\t<img decoding=\"async\" class=\"ha-slick-img\" src=\"https:\/\/astronomia.udp.cl\/wp-content\/uploads\/2025\/07\/Lucas.jpg\" alt=\"ALMA inspira nuevos modelos para la evoluci\u00f3n de los discos de formaci\u00f3n planetaria: Comunicado de prensa de ALMA\">\n\t\t\t\t\t\t\n\t\t\t\t\t\t\t\t\t\t\t\t\t<div class=\"ha-slick-content\">\n\t\t\t\t\t\t\t\t<h2 class=\"ha-slick-title\">ALMA inspira nuevos modelos para la evoluci\u00f3n de los discos de formaci\u00f3n planetaria: Comunicado de prensa de ALMA<\/h2>\t\t\t\t\t\t\t\t\t\t\t\t\t\t\t<\/div>\n\t\t\t\t\t\t\t\t\t\t\t<\/a>\n\t\t\t\t<\/div>\n\n\t\t\t\n\t\t\t\t<div class=\"ha-slick-slide slick-slide\">\n\t\t\t\t\t<a class=\"ha-slick-item\" href=\"https:\/\/www.eso.org\/public\/unitedkingdom\/news\/eso2312\/?lang\">\n\t\t\t\t\t\t\t\t\t\t\t\t\t<img decoding=\"async\" class=\"ha-slick-img\" src=\"https:\/\/astronomia.udp.cl\/wp-content\/uploads\/2025\/07\/YEMS3.png\" alt=\"Una nueva imagen revela los secretos del nacimiento de los planetas.\">\n\t\t\t\t\t\t\n\t\t\t\t\t\t\t\t\t\t\t\t\t<div class=\"ha-slick-content\">\n\t\t\t\t\t\t\t\t<h2 class=\"ha-slick-title\">Una nueva imagen revela los secretos del nacimiento de los planetas.<\/h2>\t\t\t\t\t\t\t\t\t\t\t\t\t\t\t<\/div>\n\t\t\t\t\t\t\t\t\t\t\t<\/a>\n\t\t\t\t<\/div>\n\n\t\t\t\n\t\t<\/div>\n\n\t\t\t\t\t<button type=\"button\" class=\"slick-prev\"><i aria-hidden=\"true\" class=\"fas fa-chevron-left\"><\/i><\/button>\n\t\t\n\t\t\t\t\t<button type=\"button\" class=\"slick-next\"><i aria-hidden=\"true\" class=\"fas fa-chevron-right\"><\/i><\/button>\n\t\t\n\t\t\t\t<\/div>\n\t\t\t\t<\/div>\n\t\t\t\t\t<\/div>\n\t\t<\/div>\n\t\t\t\t\t<\/div>\n\t\t<\/section>\n\t\t\t\t<section class=\"elementor-section elementor-top-section elementor-element elementor-element-92ee82f elementor-section-boxed elementor-section-height-default elementor-section-height-default\" data-id=\"92ee82f\" data-element_type=\"section\" data-settings=\"{&quot;_ha_eqh_enable&quot;:false}\">\n\t\t\t\t\t\t<div class=\"elementor-container elementor-column-gap-default\">\n\t\t\t\t\t<div class=\"elementor-column elementor-col-100 elementor-top-column elementor-element elementor-element-6119192\" data-id=\"6119192\" data-element_type=\"column\">\n\t\t\t<div class=\"elementor-widget-wrap elementor-element-populated\">\n\t\t\t\t\t\t<div class=\"elementor-element elementor-element-2ad1d58 elementor-widget elementor-widget-spacer\" data-id=\"2ad1d58\" data-element_type=\"widget\" data-widget_type=\"spacer.default\">\n\t\t\t\t<div class=\"elementor-widget-container\">\n\t\t\t\t\t<div class=\"elementor-spacer\">\n\t\t\t<div class=\"elementor-spacer-inner\"><\/div>\n\t\t<\/div>\n\t\t\t\t<\/div>\n\t\t\t\t<\/div>\n\t\t\t\t\t<\/div>\n\t\t<\/div>\n\t\t\t\t\t<\/div>\n\t\t<\/section>\n\t\t\t\t<\/div>","protected":false},"excerpt":{"rendered":"<p>Publications &amp; Press Access the full list of peer-reviewed publications from the IEA on NASA ADS. NASA\/ADS&nbsp;Library Discover featured press releases, interviews, and news showcasing research at the IEA. Uncovering supernovae secrets: ESO Press Release Stellar Outburst Brings Water Snow Line Into View: ESO Press Release Galactic Heritage: BBC Programme &#8220;The Sky at Night&#8221; Robotic &hellip;<\/p>\n<p class=\"read-more\"> <a class=\"\" href=\"https:\/\/astronomia.udp.cl\/es\/research\/publications-and-press\/\"> <span class=\"screen-reader-text\">Proyectos<\/span> Leer m\u00e1s &raquo;<\/a><\/p>","protected":false},"author":1,"featured_media":0,"parent":739,"menu_order":0,"comment_status":"closed","ping_status":"closed","template":"elementor_header_footer","meta":{"_monsterinsights_skip_tracking":false,"_monsterinsights_sitenote_active":false,"_monsterinsights_sitenote_note":"","_monsterinsights_sitenote_category":0,"site-sidebar-layout":"no-sidebar","site-content-layout":"page-builder","ast-global-header-display":"","ast-banner-title-visibility":"","ast-main-header-display":"","ast-hfb-above-header-display":"","ast-hfb-below-header-display":"","ast-hfb-mobile-header-display":"","site-post-title":"disabled","ast-breadcrumbs-content":"","ast-featured-img":"disabled","footer-sml-layout":"","theme-transparent-header-meta":"","adv-header-id-meta":"","stick-header-meta":"","header-above-stick-meta":"","header-main-stick-meta":"","header-below-stick-meta":""},"acf":[],"_links":{"self":[{"href":"https:\/\/astronomia.udp.cl\/es\/wp-json\/wp\/v2\/pages\/743"}],"collection":[{"href":"https:\/\/astronomia.udp.cl\/es\/wp-json\/wp\/v2\/pages"}],"about":[{"href":"https:\/\/astronomia.udp.cl\/es\/wp-json\/wp\/v2\/types\/page"}],"author":[{"embeddable":true,"href":"https:\/\/astronomia.udp.cl\/es\/wp-json\/wp\/v2\/users\/1"}],"replies":[{"embeddable":true,"href":"https:\/\/astronomia.udp.cl\/es\/wp-json\/wp\/v2\/comments?post=743"}],"version-history":[{"count":77,"href":"https:\/\/astronomia.udp.cl\/es\/wp-json\/wp\/v2\/pages\/743\/revisions"}],"predecessor-version":[{"id":7624,"href":"https:\/\/astronomia.udp.cl\/es\/wp-json\/wp\/v2\/pages\/743\/revisions\/7624"}],"up":[{"embeddable":true,"href":"https:\/\/astronomia.udp.cl\/es\/wp-json\/wp\/v2\/pages\/739"}],"wp:attachment":[{"href":"https:\/\/astronomia.udp.cl\/es\/wp-json\/wp\/v2\/media?parent=743"}],"curies":[{"name":"wp","href":"https:\/\/api.w.org\/{rel}","templated":true}]}}